{"id":5588,"date":"2017-12-01T11:53:28","date_gmt":"2017-12-01T10:53:28","guid":{"rendered":"http:\/\/www.wipplay.com\/blog\/?page_id=5588"},"modified":"2017-12-18T11:52:00","modified_gmt":"2017-12-18T10:52:00","slug":"les-personnages-du-conte-de-noel-dont-vous-etes-le-heros","status":"publish","type":"page","link":"https:\/\/www.wipplay.com\/blog\/les-personnages-du-conte-de-noel-dont-vous-etes-le-heros\/","title":{"rendered":"Les personnages du conte de No\u00ebl dont vous \u00eates le h\u00e9ros"},"content":{"rendered":"","protected":false},"excerpt":{"rendered":"","protected":false},"author":3,"featured_media":0,"parent":0,"menu_order":0,"comment_status":"closed","ping_status":"closed","template":"page-templates\/page-content.php","meta":{"_acf_changed":false,"_monsterinsights_skip_tracking":false,"_monsterinsights_sitenote_active":false,"_monsterinsights_sitenote_note":"","_monsterinsights_sitenote_category":0,"footnotes":""},"acf":[],"_links":{"self":[{"href":"https:\/\/www.wipplay.com\/blog\/wp-json\/wp\/v2\/pages\/5588"}],"collection":[{"href":"https:\/\/www.wipplay.com\/blog\/wp-json\/wp\/v2\/pages"}],"about":[{"href":"https:\/\/www.wipplay.com\/blog\/wp-json\/wp\/v2\/types\/page"}],"author":[{"embeddable":true,"href":"https:\/\/www.wipplay.com\/blog\/wp-json\/wp\/v2\/users\/3"}],"replies":[{"embeddable":true,"href":"https:\/\/www.wipplay.com\/blog\/wp-json\/wp\/v2\/comments?post=5588"}],"version-history":[{"count":0,"href":"https:\/\/www.wipplay.com\/blog\/wp-json\/wp\/v2\/pages\/5588\/revisions"}],"wp:attachment":[{"href":"https:\/\/www.wipplay.com\/blog\/wp-json\/wp\/v2\/media?parent=5588"}],"curies":[{"name":"wp","href":"https:\/\/api.w.org\/{rel}","templated":true}]}}